{"id":2045,"date":"2024-10-18T09:43:33","date_gmt":"2024-10-18T09:43:33","guid":{"rendered":"https:\/\/socolibris.com\/?page_id=2045"},"modified":"2025-02-14T22:47:24","modified_gmt":"2025-02-14T22:47:24","slug":"ethics-expertise","status":"publish","type":"page","link":"https:\/\/socolibris.com\/en\/ethique-expertise\/","title":{"rendered":"Ethics &amp; Expertise"},"content":{"rendered":"<div class=\"wp-block-stackable-columns alignfull stk-block-columns stk-block stk-b91b18e\" data-block-id=\"b91b18e\"><style>.stk-b91b18e {margin-bottom:150px !important;}@media screen and (max-width:689px){.stk-b91b18e {margin-bottom:80px !important;}}<\/style><div class=\"stk-row stk-inner-blocks stk-block-content stk-content-align stk-b91b18e-column alignfull\">\n<div class=\"wp-block-stackable-column stk-block-column stk-column stk-block stk-b7fb6c0 stk-block-background\" data-v=\"4\" data-block-id=\"b7fb6c0\"><style>.stk-b7fb6c0 {background-color:var(--theme-palette-color-1, #56559C) !important;}.stk-b7fb6c0:before{background-color:var(--theme-palette-color-1, #56559C) !important;}.stk-b7fb6c0-container{min-height:500px !important;}<\/style><div class=\"stk-column-wrapper stk-block-column__content stk-container stk-b7fb6c0-container stk--no-background stk--no-padding\"><div class=\"stk-block-content stk-inner-blocks stk-b7fb6c0-inner-blocks\">\n<div class=\"wp-block-stackable-heading alignfull stk-block-heading stk-block-heading--v2 stk-block stk-122e345\" id=\"ethique-span-style-color-var-theme-palette-color-2-e-08230-class-stk-highlight-amp-span-expertise\" data-block-id=\"122e345\"><style>.stk-122e345 {margin-top:200px !important;}.stk-122e345 .stk-block-heading__text{font-size:47px !important;color:var(--theme-palette-color-5, #ffffff) !important;}@media screen and (max-width:999px){.stk-122e345 .stk-block-heading__text{font-size:47px !important;}}<\/style><h2 class=\"stk-block-heading__text has-text-color has-text-align-center\">Ethics <span style=\"color: var(--theme-palette-color-2, #E08230);\" class=\"stk-highlight\">&amp;<\/span> Expertise<\/h2><\/div>\n<\/div><\/div><\/div>\n<\/div><\/div>\n\n\n\n<div class=\"wp-block-stackable-heading stk-block-heading stk-block-heading--v2 stk-block stk-c071430\" id=\"engagement-ethique-excellence-professionnelle\" data-block-id=\"c071430\"><style>.stk-c071430 {margin-bottom:0px !important;}<\/style><h2 class=\"stk-block-heading__text\">Ethical Commitment, Professional Excellence<\/h2><\/div>\n\n\n\n<div class=\"wp-block-stackable-subtitle stk-block-subtitle stk-block stk-023e117\" data-block-id=\"023e117\"><p class=\"stk-block-subtitle__text stk-subtitle\">I share with you my qualifications and ethical values, shaped by training that has enabled me to blend expertise with integrity.<\/p><\/div>\n\n\n\n<div class=\"wp-block-stackable-columns stk-block-columns stk-block stk-53e63e5\" data-block-id=\"53e63e5\"><style>.stk-53e63e5 {margin-bottom:100px !important;}@media screen and (max-width:689px){.stk-53e63e5 {margin-bottom:80px !important;}}<\/style><div class=\"stk-row stk-inner-blocks stk-block-content stk-content-align stk-53e63e5-column\">\n<div class=\"wp-block-stackable-column stk-block-column stk-column stk-block stk-6ce1fa0\" data-v=\"4\" data-block-id=\"6ce1fa0\"><div class=\"stk-column-wrapper stk-block-column__content stk-container stk-6ce1fa0-container stk--no-background stk--no-padding\"><div class=\"stk-block-content stk-inner-blocks stk-6ce1fa0-inner-blocks\">\n<details class=\"wp-block-stackable-accordion stk-block-accordion stk-inner-blocks stk-block-content stk-block stk-8910705 is-style-default\" data-block-id=\"8910705\"><style>.stk-8910705 {margin-bottom:0px !important;}<\/style>\n<summary class=\"wp-block-stackable-column stk-block-column stk-column stk-block stk-4a3865d stk--container-small stk-block-accordion__heading\" data-v=\"4\" data-block-id=\"4a3865d\"><div class=\"stk-column-wrapper stk-block-column__content stk-container stk-4a3865d-container stk-hover-parent\"><div class=\"stk-block-content stk-inner-blocks stk-4a3865d-inner-blocks\">\n<div class=\"wp-block-stackable-icon-label stk-block-icon-label stk-block stk-a43dc84\" data-block-id=\"a43dc84\"><div class=\"stk-row stk-inner-blocks stk-block-content\">\n<div class=\"wp-block-stackable-heading stk-block-heading stk-block-heading--v2 stk-block stk-66357cb\" id=\"coaching\" data-block-id=\"66357cb\"><h4 class=\"stk-block-heading__text\">COACHING<\/h4><\/div>\n\n\n\n<div class=\"wp-block-stackable-icon stk-block-icon stk-block stk-aed534c\" data-block-id=\"aed534c\"><span class=\"stk--svg-wrapper\"><div class=\"stk--inner-svg\"><svg style=\"height:0;width:0\"><defs><lineargradient id=\"linear-gradient-aed534c\" x1=\"0\" x2=\"100%\" y1=\"0\" y2=\"0\"><stop offset=\"0%\" style=\"stop-opacity:1;stop-color:var(--linear-gradient-aed-534-c-color-1)\"><\/stop><stop offset=\"100%\" style=\"stop-opacity:1;stop-color:var(--linear-gradient-aed-534-c-color-2)\"><\/stop><\/lineargradient><\/defs><\/svg><svg data-prefix=\"fas\" data-icon=\"chevron-down\" class=\"svg-inline--fa fa-chevron-down fa-w-14\" xmlns=\"http:\/\/www.w3.org\/2000\/svg\" viewbox=\"0 0 448 512\" aria-hidden=\"true\" width=\"32\" height=\"32\"><path fill=\"currentColor\" d=\"M207.029 381.476L12.686 187.132c-9.373-9.373-9.373-24.569 0-33.941l22.667-22.667c9.357-9.357 24.522-9.375 33.901-.04L224 284.505l154.745-154.021c9.379-9.335 24.544-9.317 33.901.04l22.667 22.667c9.373 9.373 9.373 24.569 0 33.941L240.971 381.476c-9.373 9.372-24.569 9.372-33.942 0z\"><\/path><\/svg><\/div><\/span><\/div>\n<\/div><\/div>\n<\/div><\/div><\/summary>\n\n\n\n<div class=\"wp-block-stackable-column stk-block-column stk-column stk-block stk-f4d98a0 stk-block-accordion__content\" data-v=\"4\" data-block-id=\"f4d98a0\"><style>.stk-f4d98a0 {margin-top:0px !important;}<\/style><div class=\"stk-column-wrapper stk-block-column__content stk-container stk-f4d98a0-container stk--no-background stk--no-padding\"><div class=\"stk-block-content stk-inner-blocks stk-f4d98a0-inner-blocks\">\n<ul style=\"margin-top:0;padding-top:0\" class=\"wp-block-list\">\n<li>I am an accredited professional coach at senior practitioner level by EMCC Global (2021) with an RNCP France level I approved certification.<\/li>\n\n\n\n<li>I am supervised by a professional on an ongoing basis,<\/li>\n\n\n\n<li>I am committed to continuous professional development,<\/li>\n\n\n\n<li>I am dedicated to diversity and inclusion:&nbsp;<strong><a href=\"https:\/\/www.emccglobal.org\/leadership-development\/diversity\/\" target=\"_blank\" rel=\"noreferrer noopener\">Diversity and Inclusion \u2013 EMCC Global<\/a><\/strong>,<\/li>\n\n\n\n<li>I adhere to ethical and professional standards in my coaching practice:&nbsp;<strong><a href=\"https:\/\/www.emccglobal.org\/leadership-development\/ethics\/\" target=\"_blank\" rel=\"noreferrer noopener\">Ethics \u2013 EMCC Global<\/a><\/strong>.<\/li>\n<\/ul>\n\n\n\n<p>I am an active member of<a href=\"https:\/\/www.linkedin.com\/company\/emcc-luxembourg\/\" target=\"_blank\" rel=\"noreferrer noopener\"><strong>EMCC Luxembourg<\/strong><\/a>&nbsp;since 2017 and member of its Steering Committee since 2022.<\/p>\n\n\n\n<div class=\"wp-block-stackable-image alignleft stk-block-image has-text-align-left stk-block stk-52f800f\" data-block-id=\"52f800f\"><style>.stk-52f800f .stk-img-wrapper{width:50% !important;}.stk-52f800f .stk-img-wrapper img{object-fit:cover !important;}@media screen and (max-width:999px){.stk-52f800f .stk-img-wrapper{width:80% !important;}}@media screen and (max-width:689px){.stk-52f800f .stk-img-wrapper{width:8vw !important;}}<\/style><figure><span class=\"stk-img-wrapper stk-image--shape-stretch\"><img loading=\"lazy\" decoding=\"async\" class=\"stk-img wp-image-3045\" src=\"https:\/\/socolibris.com\/wp-content\/uploads\/2025\/02\/eia-practitioner-emcc.webp\" width=\"300\" height=\"174\" alt=\"EIA Practitioner EMCC\" srcset=\"https:\/\/socolibris.com\/wp-content\/uploads\/2025\/02\/eia-practitioner-emcc.webp 300w, https:\/\/socolibris.com\/wp-content\/uploads\/2025\/02\/eia-practitioner-emcc-18x10.webp 18w\" sizes=\"auto, (max-width: 300px) 100vw, 300px\" \/><\/span><\/figure><\/div>\n<\/div><\/div><\/div>\n<\/details>\n\n\n\n<details class=\"wp-block-stackable-accordion stk-block-accordion stk-inner-blocks stk-block-content stk-block stk-9ceeb6a is-style-default\" data-block-id=\"9ceeb6a\"><style>.stk-9ceeb6a {margin-bottom:0px !important;}<\/style>\n<summary class=\"wp-block-stackable-column stk-block-column stk-column stk-block stk-d54f3e6 stk--container-small stk-block-accordion__heading\" data-v=\"4\" data-block-id=\"d54f3e6\"><div class=\"stk-column-wrapper stk-block-column__content stk-container stk-d54f3e6-container stk-hover-parent\"><div class=\"stk-block-content stk-inner-blocks stk-d54f3e6-inner-blocks\">\n<div class=\"wp-block-stackable-icon-label stk-block-icon-label stk-block stk-81b37b1\" data-block-id=\"81b37b1\"><div class=\"stk-row stk-inner-blocks stk-block-content\">\n<div class=\"wp-block-stackable-heading stk-block-heading stk-block-heading--v2 stk-block stk-876a75e\" id=\"sophrologie\" data-block-id=\"876a75e\"><h4 class=\"stk-block-heading__text\">SOPHROLOGY<\/h4><\/div>\n\n\n\n<div class=\"wp-block-stackable-icon stk-block-icon stk-block stk-ca6335b\" data-block-id=\"ca6335b\"><span class=\"stk--svg-wrapper\"><div class=\"stk--inner-svg\"><svg style=\"height:0;width:0\"><defs><lineargradient id=\"linear-gradient-ca6335b\" x1=\"0\" x2=\"100%\" y1=\"0\" y2=\"0\"><stop offset=\"0%\" style=\"stop-opacity:1;stop-color:var(--linear-gradient-ca-6335-b-color-1)\"><\/stop><stop offset=\"100%\" style=\"stop-opacity:1;stop-color:var(--linear-gradient-ca-6335-b-color-2)\"><\/stop><\/lineargradient><\/defs><\/svg><svg data-prefix=\"fas\" data-icon=\"chevron-down\" class=\"svg-inline--fa fa-chevron-down fa-w-14\" xmlns=\"http:\/\/www.w3.org\/2000\/svg\" viewbox=\"0 0 448 512\" aria-hidden=\"true\" width=\"32\" height=\"32\"><path fill=\"currentColor\" d=\"M207.029 381.476L12.686 187.132c-9.373-9.373-9.373-24.569 0-33.941l22.667-22.667c9.357-9.357 24.522-9.375 33.901-.04L224 284.505l154.745-154.021c9.379-9.335 24.544-9.317 33.901.04l22.667 22.667c9.373 9.373 9.373 24.569 0 33.941L240.971 381.476c-9.373 9.372-24.569 9.372-33.942 0z\"><\/path><\/svg><\/div><\/span><\/div>\n<\/div><\/div>\n<\/div><\/div><\/summary>\n\n\n\n<div class=\"wp-block-stackable-column stk-block-column stk-column stk-block stk-b546810 stk-block-accordion__content\" data-v=\"4\" data-block-id=\"b546810\"><style>.stk-b546810 {margin-top:0px !important;}<\/style><div class=\"stk-column-wrapper stk-block-column__content stk-container stk-b546810-container stk--no-background stk--no-padding\"><div class=\"stk-block-content stk-inner-blocks stk-b546810-inner-blocks\">\n<ul style=\"margin-top:0;padding-top:0\" class=\"wp-block-list\">\n<li>I am a Certified Practitioner in Sophrology by CEAS Paris France (RNCP France level III approved certification),<\/li>\n\n\n\n<li>I adhere to the charter of ethics and professional conduct of sophrologists of the&nbsp;<a href=\"http:\/\/feps-sophrologie.fr\/la-deontologie.html\" target=\"_blank\" rel=\"noreferrer noopener\"><strong>Federation of Professional Schools in Sophrology<\/strong><\/a>.<\/li>\n<\/ul>\n<\/div><\/div><\/div>\n<\/details>\n\n\n\n<details class=\"wp-block-stackable-accordion stk-block-accordion stk-inner-blocks stk-block-content stk-block stk-5095946 is-style-default\" data-block-id=\"5095946\">\n<summary class=\"wp-block-stackable-column stk-block-column stk-column stk-block stk-acd78d2 stk--container-small stk-block-accordion__heading\" data-v=\"4\" data-block-id=\"acd78d2\"><div class=\"stk-column-wrapper stk-block-column__content stk-container stk-acd78d2-container stk-hover-parent\"><div class=\"stk-block-content stk-inner-blocks stk-acd78d2-inner-blocks\">\n<div class=\"wp-block-stackable-icon-label stk-block-icon-label stk-block stk-fc0b0d6\" data-block-id=\"fc0b0d6\"><div class=\"stk-row stk-inner-blocks stk-block-content\">\n<div class=\"wp-block-stackable-heading stk-block-heading stk-block-heading--v2 stk-block stk-ac00269\" id=\"formation-amp-facilitation\" data-block-id=\"ac00269\"><h4 class=\"stk-block-heading__text\">TRAINING &amp; FACILITATION<\/h4><\/div>\n\n\n\n<div class=\"wp-block-stackable-icon stk-block-icon stk-block stk-90137c1\" data-block-id=\"90137c1\"><span class=\"stk--svg-wrapper\"><div class=\"stk--inner-svg\"><svg style=\"height:0;width:0\"><defs><lineargradient id=\"linear-gradient-90137c1\" x1=\"0\" x2=\"100%\" y1=\"0\" y2=\"0\"><stop offset=\"0%\" style=\"stop-opacity:1;stop-color:var(--linear-gradient-90137-c-1-color-1)\"><\/stop><stop offset=\"100%\" style=\"stop-opacity:1;stop-color:var(--linear-gradient-90137-c-1-color-2)\"><\/stop><\/lineargradient><\/defs><\/svg><svg data-prefix=\"fas\" data-icon=\"chevron-down\" class=\"svg-inline--fa fa-chevron-down fa-w-14\" xmlns=\"http:\/\/www.w3.org\/2000\/svg\" viewbox=\"0 0 448 512\" aria-hidden=\"true\" width=\"32\" height=\"32\"><path fill=\"currentColor\" d=\"M207.029 381.476L12.686 187.132c-9.373-9.373-9.373-24.569 0-33.941l22.667-22.667c9.357-9.357 24.522-9.375 33.901-.04L224 284.505l154.745-154.021c9.379-9.335 24.544-9.317 33.901.04l22.667 22.667c9.373 9.373 9.373 24.569 0 33.941L240.971 381.476c-9.373 9.372-24.569 9.372-33.942 0z\"><\/path><\/svg><\/div><\/span><\/div>\n<\/div><\/div>\n<\/div><\/div><\/summary>\n\n\n\n<div class=\"wp-block-stackable-column stk-block-column stk-column stk-block stk-9544a5f stk-block-accordion__content\" data-v=\"4\" data-block-id=\"9544a5f\"><style>.stk-9544a5f {margin-top:0px !important;}<\/style><div class=\"stk-column-wrapper stk-block-column__content stk-container stk-9544a5f-container stk--no-background stk--no-padding\"><div class=\"stk-block-content stk-inner-blocks stk-9544a5f-inner-blocks\">\n<ul style=\"margin-top:0;padding-top:0\" class=\"wp-block-list\">\n<li>I am certified in ''Train The Trainers'', certificate issued by the Chamber of Commerce \/ MENJE Luxembourg (2018),<\/li>\n\n\n\n<li>I completed the Narrative Practitioner course, delivered by the Narrative Factory (France) in 2021.<\/li>\n<\/ul>\n<\/div><\/div><\/div>\n<\/details>\n<\/div><\/div><\/div>\n\n\n\n<div class=\"wp-block-stackable-column stk-block-column stk-column stk-block stk-c9e3c28\" data-v=\"4\" data-block-id=\"c9e3c28\"><div class=\"stk-column-wrapper stk-block-column__content stk-container stk-c9e3c28-container stk--no-background stk--no-padding\"><div class=\"stk-block-content stk-inner-blocks stk-c9e3c28-inner-blocks\">\n<div class=\"wp-block-stackable-image stk-block-image stk-block stk-3f85905\" data-block-id=\"3f85905\"><style>.stk-3f85905 .stk-img-wrapper img{border-radius:20px !important;}<\/style><figure><span class=\"stk-img-wrapper stk-image--shape-stretch\"><img loading=\"lazy\" decoding=\"async\" class=\"stk-img wp-image-2767\" src=\"https:\/\/socolibris.com\/wp-content\/uploads\/2024\/11\/iStock-1128.webp\" width=\"750\" height=\"500\" srcset=\"https:\/\/socolibris.com\/wp-content\/uploads\/2024\/11\/iStock-1128.webp 750w, https:\/\/socolibris.com\/wp-content\/uploads\/2024\/11\/iStock-1128-300x200.webp 300w\" sizes=\"auto, (max-width: 750px) 100vw, 750px\" \/><\/span><\/figure><\/div>\n<\/div><\/div><\/div>\n<\/div><\/div>\n\n\n\n<div class=\"wp-block-stackable-columns stk-block-columns stk-block stk-dfb801e\" data-block-id=\"dfb801e\"><div class=\"stk-row stk-inner-blocks stk-block-content stk-content-align stk-dfb801e-column\">\n<div class=\"wp-block-stackable-column stk-block-column stk-column stk-block stk-44ce4db\" data-v=\"4\" data-block-id=\"44ce4db\"><div class=\"stk-column-wrapper stk-block-column__content stk-container stk-44ce4db-container stk--no-background stk--no-padding\"><div class=\"stk-block-content stk-inner-blocks stk-44ce4db-inner-blocks\">\n<div class=\"wp-block-stackable-columns stk-block-columns stk-block stk-e221502 stk-block-background stk--has-background-overlay\" data-block-id=\"e221502\"><style>.stk-e221502 {background-color:var(--theme-palette-color-2, #E08230) !important;background-image:url(https:\/\/socolibris.com\/wp-content\/uploads\/2024\/08\/soco-illu.png) !important;background-repeat:no-repeat !important;background-size:100% !important;border-top-left-radius:20px !important;border-top-right-radius:20px !important;border-bottom-right-radius:20px !important;border-bottom-left-radius:20px !important;overflow:hidden !important;padding-top:50px !important;padding-right:50px !important;padding-bottom:50px !important;padding-left:50px !important;margin-bottom:150px !important;}.stk-e221502:before{background-color:var(--theme-palette-color-2, #E08230) !important;opacity:0 !important;}@media screen and (max-width:689px){.stk-e221502 {background-size:cover !important;margin-bottom:80px !important;}}<\/style><div class=\"stk-row stk-inner-blocks stk-block-content stk-content-align stk-e221502-column\">\n<div class=\"wp-block-stackable-column stk-block-column stk-column stk-block stk-3805727\" data-v=\"4\" data-block-id=\"3805727\"><div class=\"stk-column-wrapper stk-block-column__content stk-container stk-3805727-container stk--no-background stk--no-padding\"><div class=\"stk-block-content stk-inner-blocks stk-3805727-inner-blocks\">\n<div class=\"wp-block-stackable-heading stk-block-heading stk-block-heading--v2 stk-block stk-81fb98a\" id=\"span-style-color-var-theme-palette-color-5-ffffff-class-stk-highlight-lengagement-et-le-professionalisme-de-vos-equipes-span\" data-block-id=\"81fb98a\"><style>.stk-81fb98a {margin-bottom:20px !important;}<\/style><h2 class=\"stk-block-heading__text has-text-align-center\"><span style=\"color: var(--theme-palette-color-5, #ffffff);\" class=\"stk-highlight\">FOSTERING COMMITMENT AND PROFESSIONALISM OF YOUR TEAMS<\/span><\/h2><\/div>\n\n\n\n<div class=\"wp-block-stackable-subtitle stk-block-subtitle stk-block stk-c9ca52b\" data-block-id=\"c9ca52b\"><p class=\"stk-block-subtitle__text stk-subtitle has-text-align-center\"><span style=\"color: var(--theme-palette-color-5, #ffffff);\" class=\"stk-highlight\">Do professionalism, commitment, and ethics play a key role in your teams <br>and organisation as well ?<\/span><\/p><\/div>\n\n\n\n<div class=\"wp-block-stackable-button-group stk-block-button-group stk-block stk-e2f8003\" data-block-id=\"e2f8003\"><style>.stk-e2f8003 .stk-button-group{flex-direction:row !important;}@media screen and (max-width:999px){.stk-e2f8003 .stk-button-group{flex-direction:row !important;}}@media screen and (max-width:689px){.stk-e2f8003 .stk-button-group{flex-direction:row !important;}}<\/style><div class=\"stk-row stk-inner-blocks has-text-align-center stk-block-content stk-button-group\">\n<div class=\"wp-block-stackable-button stk-block-button has-text-align-center is-style-ghost stk-block stk-404aa0f\" data-block-id=\"404aa0f\"><style>.stk-404aa0f .stk-button{background:transparent !important;}.stk-404aa0f .stk-button:hover:after{background:var(--theme-palette-color-5, #ffffff) !important;opacity:1 !important;}:where(.stk-hover-parent:hover,  .stk-hover-parent.stk--is-hovered) .stk-404aa0f .stk-button:after{background:transparent !important;opacity:1 !important;}.stk-404aa0f .stk-button:before{border-style:solid !important;border-color:var(--theme-palette-color-5, #ffffff) !important;}.stk-404aa0f .stk-button__inner-text{color:var(--theme-palette-color-5, #ffffff) !important;}.stk-404aa0f .stk-button:hover .stk-button__inner-text{color:var(--theme-palette-color-2, #E08230) !important;}<\/style><a class=\"stk-link stk-button stk--hover-effect-darken\" href=\"https:\/\/socolibris.com\/equipe-de-champion\/\"><span class=\"has-text-color stk-button__inner-text\"><strong>Discover our LEVEL UP program<\/strong><\/span><\/a><\/div>\n<\/div><\/div>\n<\/div><\/div><\/div>\n<\/div><\/div>\n<\/div><\/div><\/div>\n<\/div><\/div>","protected":false},"excerpt":{"rendered":"<p>\u00c9thique &amp; Expertise Engagement \u00c9thique, Excellence Professionnelle Je vous partage mes qualifications et valeurs \u00e9thiques, fruit de formations qui m&rsquo;ont permis d&rsquo;allier savoir-faire et int\u00e9grit\u00e9. COACHING Je suis membre active de l\u2019EMCC Luxembourg&nbsp;depuis 2017 et membre de son Comit\u00e9 Directeur depuis 2022. SOPHROLOGIE FORMATION &amp; FACILITATION L\u2019ENGAGEMENT ET LE PROFESSIONALISME DE VOS \u00c9QUIPES Pour vous [&hellip;]<\/p>\n","protected":false},"author":3,"featured_media":0,"parent":0,"menu_order":0,"comment_status":"closed","ping_status":"closed","template":"","meta":{"footnotes":""},"class_list":["post-2045","page","type-page","status-publish","hentry"],"blocksy_meta":{"has_hero_section":"disabled","styles_descriptor":{"styles":{"desktop":"[data-prefix=\"single_page\"] [class*=\"ct-container\"] > article[class*=\"post\"] {--has-boxed:var(--false);--has-wide:var(--true);}","tablet":"","mobile":""},"google_fonts":[],"version":6},"content_style_source":"custom","content_style":{"desktop":"wide","tablet":"wide","mobile":"wide"},"vertical_spacing_source":"custom","content_area_spacing":"none"},"_links":{"self":[{"href":"https:\/\/socolibris.com\/en\/wp-json\/wp\/v2\/pages\/2045","targetHints":{"allow":["GET"]}}],"collection":[{"href":"https:\/\/socolibris.com\/en\/wp-json\/wp\/v2\/pages"}],"about":[{"href":"https:\/\/socolibris.com\/en\/wp-json\/wp\/v2\/types\/page"}],"author":[{"embeddable":true,"href":"https:\/\/socolibris.com\/en\/wp-json\/wp\/v2\/users\/3"}],"replies":[{"embeddable":true,"href":"https:\/\/socolibris.com\/en\/wp-json\/wp\/v2\/comments?post=2045"}],"version-history":[{"count":23,"href":"https:\/\/socolibris.com\/en\/wp-json\/wp\/v2\/pages\/2045\/revisions"}],"predecessor-version":[{"id":3054,"href":"https:\/\/socolibris.com\/en\/wp-json\/wp\/v2\/pages\/2045\/revisions\/3054"}],"wp:attachment":[{"href":"https:\/\/socolibris.com\/en\/wp-json\/wp\/v2\/media?parent=2045"}],"curies":[{"name":"wp","href":"https:\/\/api.w.org\/{rel}","templated":true}]}}