{"id":1803,"date":"2024-10-14T16:55:17","date_gmt":"2024-10-14T16:55:17","guid":{"rendered":"https:\/\/socolibris.com\/?page_id=1803"},"modified":"2024-10-24T10:11:09","modified_gmt":"2024-10-24T10:11:09","slug":"legal-notices","status":"publish","type":"page","link":"https:\/\/socolibris.com\/en\/mentions-legales\/","title":{"rendered":"Legal notices"},"content":{"rendered":"<div class=\"wp-block-stackable-columns alignfull stk-block-columns stk-block stk-57a6f72 stk-block-background\" data-block-id=\"57a6f72\"><style>.stk-57a6f72{background-color:var(--theme-palette-color-1,#56559C) !important;min-height:500px !important}.stk-57a6f72:before{background-color:var(--theme-palette-color-1,#56559C) !important}.stk-57a6f72-column{max-width:500px !important}<\/style><div class=\"stk-row stk-inner-blocks stk-block-content stk-content-align stk-57a6f72-column alignfull\">\n<div class=\"wp-block-stackable-column stk-block-column stk-column stk-block stk-cc5b663\" data-v=\"4\" data-block-id=\"cc5b663\"><div class=\"stk-column-wrapper stk-block-column__content stk-container stk-cc5b663-container stk--no-background stk--no-padding\"><div class=\"stk-block-content stk-inner-blocks stk-cc5b663-inner-blocks\">\n<div class=\"wp-block-stackable-heading stk-block-heading stk-block-heading--v2 stk-block stk-a5b8dee\" id=\"mentions-legales\" data-block-id=\"a5b8dee\"><style>.stk-a5b8dee{margin-top:200px !important}.stk-a5b8dee .stk-block-heading__text{font-size:47px !important;color:var(--theme-palette-color-8,#ffffff) !important}@media screen and (max-width:999px){.stk-a5b8dee .stk-block-heading__text{font-size:47px !important}}<\/style><h2 class=\"stk-block-heading__text has-text-color has-text-align-center\">Legal notices<\/h2><\/div>\n<\/div><\/div><\/div>\n<\/div><\/div>\n\n\n\n<div class=\"wp-block-stackable-heading stk-block-heading stk-block-heading--v2 stk-block stk-306fe8a\" id=\"proprietaire-du-site-nbsp-nbsp\" data-block-id=\"306fe8a\"><style>.stk-306fe8a{margin-top:100px !important}<\/style><h2 class=\"stk-block-heading__text\">Site owner:&nbsp;<\/h2><\/div>\n\n\n\n<p>SoColibris S\u00e0rl<br>S\u00e0rl under Luxembourg law with capital of \u20ac12,500.<br>Luxembourg Trade and Companies Register: RCS\/B207373<br>Establishment authorization 10070294\/0.<br>Establishment permit 10070294\/1: Manager of a continuing professional training organization.<br>Manager: Nad\u00e8ge Ravoux.<br>Head office address: 95, rue de Kiem L-1857 Luxembourg<br>Phone: (+352) 26 20 16 87<br>Email: contact@socolibris.com<\/p>\n\n\n\n<p><strong>Site hosting: <\/strong>OVH France SAS<\/p>\n\n\n\n<p>Browsing this website is subject to Luxembourg legislation and regulations, as well as to the following conditions.<br>This website is the exclusive property of SOCOLIBRIS SARL, hereinafter referred to as \u201cSoColibris S\u00e0rl\u201d.<br>By continuing to consult the website, the user unreservedly expresses his acceptance of the following conditions.<\/p>\n\n\n\n<p><strong>Copyright :&nbsp;<\/strong><\/p>\n\n\n\n<p>The texts, brands, logos, information or elements appearing on this website are the property of SoColibris S\u00e0rl. Any reproduction, representation, translation, adaptation or distribution of the content of the site constitutes an infringement and is prohibited without the express authorization and consent of SoColibris S\u00e0rl.<\/p>\n\n\n\n<div class=\"wp-block-stackable-spacer stk-block-spacer stk--no-padding stk-block stk-eba7775\" data-block-id=\"eba7775\"><style>.stk-eba7775{height:150px !important}<\/style><\/div>","protected":false},"excerpt":{"rendered":"<p>Mentions l\u00e9gales Propri\u00e9taire du site&nbsp;:&nbsp; SoColibris S\u00e0rlS\u00e0rl de droit Luxembourgeois au capital de 12.500 \u20ac.Registre de Commerce et des Soci\u00e9t\u00e9s Luxembourg : RCS\/B207373Autorisation d\u2019\u00e9tablissement 10070294\/0.Autorisation d\u2019\u00e9tablissement 10070294\/1 : Gestionnaire d\u2019un organisme de formation professionnelle continue.G\u00e9rante : Nad\u00e8ge Ravoux.Adresse du si\u00e8ge social: 95, rue de Kiem L-1857 LuxembourgT\u00e9l\u00e9phone: (+352) 26 20 16 87E-mail: contact@socolibris.com H\u00e9bergement du [&hellip;]<\/p>\n","protected":false},"author":3,"featured_media":0,"parent":0,"menu_order":0,"comment_status":"closed","ping_status":"closed","template":"","meta":{"footnotes":""},"class_list":["post-1803","page","type-page","status-publish","hentry"],"blocksy_meta":{"has_hero_section":"disabled","styles_descriptor":{"styles":{"desktop":"[data-prefix=\"single_page\"] [class*=\"ct-container\"] > article[class*=\"post\"] {--has-boxed:var(--false);--has-wide:var(--true);}","tablet":"","mobile":""},"google_fonts":[],"version":6},"content_style_source":"custom","vertical_spacing_source":"custom","content_area_spacing":"none"},"_links":{"self":[{"href":"https:\/\/socolibris.com\/en\/wp-json\/wp\/v2\/pages\/1803","targetHints":{"allow":["GET"]}}],"collection":[{"href":"https:\/\/socolibris.com\/en\/wp-json\/wp\/v2\/pages"}],"about":[{"href":"https:\/\/socolibris.com\/en\/wp-json\/wp\/v2\/types\/page"}],"author":[{"embeddable":true,"href":"https:\/\/socolibris.com\/en\/wp-json\/wp\/v2\/users\/3"}],"replies":[{"embeddable":true,"href":"https:\/\/socolibris.com\/en\/wp-json\/wp\/v2\/comments?post=1803"}],"version-history":[{"count":6,"href":"https:\/\/socolibris.com\/en\/wp-json\/wp\/v2\/pages\/1803\/revisions"}],"predecessor-version":[{"id":2174,"href":"https:\/\/socolibris.com\/en\/wp-json\/wp\/v2\/pages\/1803\/revisions\/2174"}],"wp:attachment":[{"href":"https:\/\/socolibris.com\/en\/wp-json\/wp\/v2\/media?parent=1803"}],"curies":[{"name":"wp","href":"https:\/\/api.w.org\/{rel}","templated":true}]}}